{"id":30,"date":"2024-07-11T16:23:33","date_gmt":"2024-07-11T14:23:33","guid":{"rendered":"https:\/\/aquamarine-sandpiper-765849.hostingersite.com\/?page_id=30"},"modified":"2026-01-31T10:11:13","modified_gmt":"2026-01-31T09:11:13","slug":"dome-avec-spa-privatif-sarthe","status":"publish","type":"page","link":"https:\/\/latuffiere.fr\/index.php\/dome-avec-spa-privatif-sarthe\/","title":{"rendered":"\u00a0D\u00f4me"},"content":{"rendered":"<p>[et_pb_section fb_built=\u00a0\u00bb1&Prime; admin_label=\u00a0\u00bbHero Section\u00a0\u00bb _builder_version=\u00a0\u00bb4.16&Prime; custom_padding=\u00a0\u00bb0|0px|0px|0px\u00a0\u00bb global_colors_info=\u00a0\u00bb{}\u00a0\u00bb][et_pb_row column_structure=\u00a0\u00bb1_2,1_2&Prime; use_custom_gutter=\u00a0\u00bbon\u00a0\u00bb make_equal=\u00a0\u00bbon\u00a0\u00bb _builder_version=\u00a0\u00bb4.27.4&Prime; width=\u00a0\u00bb100%\u00a0\u00bb max_width=\u00a0\u00bb100%\u00a0\u00bb custom_padding=\u00a0\u00bb0px|0|0px|\u00a0\u00bb use_custom_width=\u00a0\u00bbon\u00a0\u00bb width_unit=\u00a0\u00bboff\u00a0\u00bb custom_width_percent=\u00a0\u00bb100%\u00a0\u00bb global_colors_info=\u00a0\u00bb{}\u00a0\u00bb][et_pb_column type=\u00a0\u00bb1_2&Prime; _builder_version=\u00a0\u00bb4.16&Prime; custom_padding=\u00a0\u00bb200px|4%|200px|8%\u00a0\u00bb custom_padding_tablet=\u00a0\u00bb60px|10%|60px|10%\u00a0\u00bb custom_padding_phone=\u00a0\u00bb60px|10%|60px|10%\u00a0\u00bb custom_padding_last_edited=\u00a0\u00bbon|tablet\u00a0\u00bb global_colors_info=\u00a0\u00bb{}\u00a0\u00bb padding_tablet=\u00a0\u00bb60px|10%|60px|10%\u00a0\u00bb padding_last_edited=\u00a0\u00bbon|tablet\u00a0\u00bb custom_padding__hover=\u00a0\u00bb|||\u00a0\u00bb padding_phone=\u00a0\u00bb60px|10%|60px|10%\u00a0\u00bb][et_pb_text _builder_version=\u00a0\u00bb4.27.4&Prime; text_font=\u00a0\u00bbKarla||||||||\u00a0\u00bb text_font_size=\u00a0\u00bb18px\u00a0\u00bb text_line_height=\u00a0\u00bb1.8em\u00a0\u00bb header_font=\u00a0\u00bbCabin||||||||\u00a0\u00bb header_font_size=\u00a0\u00bb50px\u00a0\u00bb header_line_height=\u00a0\u00bb1.4em\u00a0\u00bb header_2_font=\u00a0\u00bb||||||||\u00a0\u00bb header_3_font=\u00a0\u00bb||||||||\u00a0\u00bb max_width=\u00a0\u00bb600px\u00a0\u00bb header_font_size_tablet=\u00a0\u00bb40px\u00a0\u00bb header_font_size_phone=\u00a0\u00bb\u00a0\u00bb header_font_size_last_edited=\u00a0\u00bbon|tablet\u00a0\u00bb locked=\u00a0\u00bboff\u00a0\u00bb global_colors_info=\u00a0\u00bb{}\u00a0\u00bb]<\/p>\n<h1>D\u00f4me avec spa<\/h1>\n<p class=\"p1\">Pour une nuit \u00e9toil\u00e9e, venez d\u00e9couvrir notre D\u00f4me g\u00e9od\u00e9sique offrant une vue panoramique sur la V\u00e8gre. Pour un s\u00e9jour romantique en amoureux, rien de mieux que de se retrouver dans un cocon isol\u00e9 en campagne.<\/p>\n<p class=\"p1\">Un spa pour se d\u00e9tendre au milieu de la nature, quelle que soit la temp\u00e9rature.<\/p>\n<ul><\/ul>\n<p>[\/et_pb_text][et_pb_button button_url=\u00a0\u00bb@ET-DC@eyJkeW5hbWljIjp0cnVlLCJjb250ZW50IjoicG9zdF9saW5rX3VybF9wYWdlIiwic2V0dGluZ3MiOnsicG9zdF9pZCI6IjQyIn19@\u00a0\u00bb button_text=\u00a0\u00bbEn savoir plus\u00a0\u00bb button_alignment=\u00a0\u00bbleft\u00a0\u00bb _builder_version=\u00a0\u00bb4.27.0&Prime; _dynamic_attributes=\u00a0\u00bbbutton_url\u00a0\u00bb _module_preset=\u00a0\u00bb5ea12695-ecf1-4436-aa0b-bb42c732b139&Prime; button_border_color=\u00a0\u00bbgcid-fc7afca1-7302-4e55-829d-3d445387c282&Prime; locked=\u00a0\u00bboff\u00a0\u00bb global_colors_info=\u00a0\u00bb{%22gcid-33ba488a-a977-4fcb-9562-ca062f22498f%22:%91%22button_bg_color%22,%22button_bg_color%22%93,%22gcid-fc7afca1-7302-4e55-829d-3d445387c282%22:%91%22button_border_color%22%93}\u00a0\u00bb][\/et_pb_button][et_pb_code _builder_version=\u00a0\u00bb4.27.4&Prime; _module_preset=\u00a0\u00bbdefault\u00a0\u00bb global_colors_info=\u00a0\u00bb{}\u00a0\u00bb]<script type=\"text\/javascript\" src=\"\/\/gadget.open-system.fr\/widgets-libs\/rel\/noyau-1.0.min.js\"><\/script><!-- [et_pb_line_break_holder] --><script type=\"text\/javascript\"><!-- [et_pb_line_break_holder] -->( function() {<!-- [et_pb_line_break_holder] -->\tvar widgetProduit = AllianceReseaux.Widget.Instance( \"Produit\", { idPanier:\"8x3y8_M\", idIntegration:946, langue:\"fr\", ui:\"OSMB-133303-2\" } );<!-- [et_pb_line_break_holder] -->\twidgetProduit.Initialise();<!-- [et_pb_line_break_holder] -->})();<!-- [et_pb_line_break_holder] --><\/script><!-- [et_pb_line_break_holder] --><!-- [et_pb_line_break_holder] --><\/p>\n<div id=\"widget-produit-OSMB-133303-2\"><\/div>\n<p><!-- [et_pb_line_break_holder] -->[\/et_pb_code][et_pb_code _builder_version=\u00a0\u00bb4.27.4&Prime; _module_preset=\u00a0\u00bbdefault\u00a0\u00bb global_colors_info=\u00a0\u00bb{}\u00a0\u00bb]<script type=\"text\/javascript\" src=\"\/\/gadget.open-system.fr\/widgets-libs\/rel\/noyau-1.0.min.js\"><\/script><!-- [et_pb_line_break_holder] --><script type=\"text\/javascript\"><!-- [et_pb_line_break_holder] -->( function() {<!-- [et_pb_line_break_holder] -->\tvar widgetProduit = AllianceReseaux.Widget.Instance( \"Produit\", { idPanier:\"8x3y8_M\", idIntegration:946, langue:\"fr\", ui:\"OSMB-133303-2\" } );<!-- [et_pb_line_break_holder] -->\twidgetProduit.Initialise();<!-- [et_pb_line_break_holder] -->})();<!-- [et_pb_line_break_holder] --><\/script><!-- [et_pb_line_break_holder] --><!-- [et_pb_line_break_holder] --><\/p>\n<div id=\"widget-produit-OSMB-133303-2\"><\/div>\n<p><!-- [et_pb_line_break_holder] -->[\/et_pb_code][\/et_pb_column][et_pb_column type=\u00a0\u00bb1_2&Prime; _builder_version=\u00a0\u00bb4.27.4&Prime; use_background_color_gradient=\u00a0\u00bbon\u00a0\u00bb background_color_gradient_stops=\u00a0\u00bbrgba(18,18,18,0.5) 0%|#121212 100%\u00a0\u00bb background_color_gradient_overlays_image=\u00a0\u00bbon\u00a0\u00bb background_color_gradient_start=\u00a0\u00bbrgba(18,18,18,0.5)\u00a0\u00bb background_color_gradient_end=\u00a0\u00bb#121212&Prime; background_image=\u00a0\u00bbhttps:\/\/latuffiere.fr\/wp-content\/uploads\/2024\/12\/6D9A2895-2B43-40D9-A6B2-6BE593BDD9FC_1_105_c.jpeg\u00a0\u00bb custom_padding=\u00a0\u00bb100px||100px|\u00a0\u00bb custom_padding_tablet=\u00a0\u00bb60px||60px|\u00a0\u00bb custom_padding_phone=\u00a0\u00bb60px||60px|\u00a0\u00bb custom_padding_last_edited=\u00a0\u00bbon|desktop\u00a0\u00bb global_colors_info=\u00a0\u00bb{}\u00a0\u00bb padding_tablet=\u00a0\u00bb60px||60px|\u00a0\u00bb padding_last_edited=\u00a0\u00bbon|desktop\u00a0\u00bb custom_padding__hover=\u00a0\u00bb|||\u00a0\u00bb padding_phone=\u00a0\u00bb60px||60px|\u00a0\u00bb][et_pb_gallery gallery_ids=\u00a0\u00bb858,859,860,861&Prime; fullwidth=\u00a0\u00bbon\u00a0\u00bb _builder_version=\u00a0\u00bb4.27.4&Prime; _module_preset=\u00a0\u00bbdefault\u00a0\u00bb global_colors_info=\u00a0\u00bb{}\u00a0\u00bb][\/et_pb_gallery][\/et_pb_column][\/et_pb_row][\/et_pb_section][et_pb_section fb_built=\u00a0\u00bb1&Prime; admin_label=\u00a0\u00bbWelcome &#038; About Us\u00a0\u00bb _builder_version=\u00a0\u00bb4.27.4&Prime; background_color=\u00a0\u00bb#FFFFFF\u00a0\u00bb use_background_color_gradient=\u00a0\u00bbon\u00a0\u00bb background_color_gradient_stops=\u00a0\u00bb#121212 0%|rgba(18,18,18,0.6) 100%\u00a0\u00bb background_color_gradient_overlays_image=\u00a0\u00bbon\u00a0\u00bb background_color_gradient_start=\u00a0\u00bb#121212&Prime; background_color_gradient_start_position=\u00a0\u00bb20%\u00a0\u00bb background_color_gradient_end=\u00a0\u00bbrgba(18,18,18,0.6)\u00a0\u00bb background_image=\u00a0\u00bbhttps:\/\/latuffiere.fr\/wp-content\/uploads\/2025\/04\/IMG_8818-min-scaled.jpeg\u00a0\u00bb custom_padding=\u00a0\u00bb3.7%|0px|11.6%|0px||\u00a0\u00bb global_colors_info=\u00a0\u00bb{}\u00a0\u00bb][et_pb_row column_structure=\u00a0\u00bb1_2,1_2&Prime; _builder_version=\u00a0\u00bb4.27.0&Prime; global_colors_info=\u00a0\u00bb{}\u00a0\u00bb][et_pb_column type=\u00a0\u00bb1_2&Prime; _builder_version=\u00a0\u00bb4.16&Prime; custom_padding=\u00a0\u00bb|||\u00a0\u00bb global_colors_info=\u00a0\u00bb{}\u00a0\u00bb custom_padding__hover=\u00a0\u00bb|||\u00a0\u00bb][et_pb_blurb title=\u00a0\u00bbLe D\u00f4me (19,6 m\u00b2) :\u00a0\u00bb image=\u00a0\u00bbhttps:\/\/latuffiere-fr.preview-domain.com\/wp-content\/uploads\/2024\/10\/architecture-firm-04.png\u00a0\u00bb _builder_version=\u00a0\u00bb4.27.0&Prime; header_font=\u00a0\u00bbCabin||||||||\u00a0\u00bb header_font_size=\u00a0\u00bb24px\u00a0\u00bb header_line_height=\u00a0\u00bb1.8em\u00a0\u00bb body_font=\u00a0\u00bbCabin||||||||\u00a0\u00bb body_text_color=\u00a0\u00bb#FFFFFF\u00a0\u00bb body_font_size=\u00a0\u00bb16px\u00a0\u00bb body_line_height=\u00a0\u00bb1.8em\u00a0\u00bb text_orientation=\u00a0\u00bbcenter\u00a0\u00bb background_layout=\u00a0\u00bbdark\u00a0\u00bb animation=\u00a0\u00bboff\u00a0\u00bb global_colors_info=\u00a0\u00bb{}\u00a0\u00bb]<\/p>\n<p>Une chambre spacieuse avec un lit queen size<br \/>Petit \u00e9lectrom\u00e9nager (micro-ondes, bouilloire, petit frigo)<br \/>Peignoirs et linge de maison fournis<br \/>Chemin\u00e9e \u00e9lectrique pour une atmosph\u00e8re chaleureuse<\/p>\n<p>[\/et_pb_blurb][\/et_pb_column][et_pb_column type=\u00a0\u00bb1_2&Prime; _builder_version=\u00a0\u00bb4.16&Prime; custom_padding=\u00a0\u00bb|||\u00a0\u00bb global_colors_info=\u00a0\u00bb{}\u00a0\u00bb custom_padding__hover=\u00a0\u00bb|||\u00a0\u00bb][et_pb_blurb title=\u00a0\u00bbPetit chalet (5 m\u00b2) :\u00a0\u00bb image=\u00a0\u00bbhttps:\/\/latuffiere-fr.preview-domain.com\/wp-content\/uploads\/2024\/10\/architecture-firm-01.png\u00a0\u00bb _builder_version=\u00a0\u00bb4.27.0&Prime; header_font=\u00a0\u00bbCabin||||||||\u00a0\u00bb header_font_size=\u00a0\u00bb24px\u00a0\u00bb header_line_height=\u00a0\u00bb1.8em\u00a0\u00bb body_font=\u00a0\u00bbCabin||||||||\u00a0\u00bb body_text_color=\u00a0\u00bb#FFFFFF\u00a0\u00bb body_font_size=\u00a0\u00bb16px\u00a0\u00bb body_line_height=\u00a0\u00bb1.8em\u00a0\u00bb text_orientation=\u00a0\u00bbcenter\u00a0\u00bb background_layout=\u00a0\u00bbdark\u00a0\u00bb animation=\u00a0\u00bboff\u00a0\u00bb global_colors_info=\u00a0\u00bb{}\u00a0\u00bb]<\/p>\n<p>Toilettes s\u00e8ches<br \/>Douche<br \/>Lavabo<\/p>\n<p>[\/et_pb_blurb][\/et_pb_column][\/et_pb_row][et_pb_row _builder_version=\u00a0\u00bb4.27.0&Prime; _module_preset=\u00a0\u00bbdefault\u00a0\u00bb locked=\u00a0\u00bboff\u00a0\u00bb global_colors_info=\u00a0\u00bb{}\u00a0\u00bb][et_pb_column type=\u00a0\u00bb4_4&Prime; _builder_version=\u00a0\u00bb4.19.2&Prime; _module_preset=\u00a0\u00bbdefault\u00a0\u00bb global_colors_info=\u00a0\u00bb{}\u00a0\u00bb][et_pb_pricing_tables header_background_color=\u00a0\u00bbRGBA(255,255,255,0)\u00a0\u00bb show_bullet=\u00a0\u00bboff\u00a0\u00bb _builder_version=\u00a0\u00bb4.27.4&Prime; _dynamic_attributes=\u00a0\u00bblink_option_url\u00a0\u00bb _module_preset=\u00a0\u00bbdefault\u00a0\u00bb currency_frequency_text_color=\u00a0\u00bb#000000&Prime; price_text_color=\u00a0\u00bb#000000&Prime; subheader_text_color=\u00a0\u00bb#FFFFFF\u00a0\u00bb header_text_color=\u00a0\u00bb#FFFFFF\u00a0\u00bb header_font=\u00a0\u00bbInter|600||on|||||\u00a0\u00bb header_font_size=\u00a0\u00bb12px\u00a0\u00bb body_font=\u00a0\u00bbCabin||||||||\u00a0\u00bb body_font_size=\u00a0\u00bb16px\u00a0\u00bb body_line_height=\u00a0\u00bb1.4em\u00a0\u00bb subheader_font=\u00a0\u00bb||||||||\u00a0\u00bb subheader_font_size=\u00a0\u00bb14px\u00a0\u00bb subheader_line_height=\u00a0\u00bb1.6em\u00a0\u00bb price_font=\u00a0\u00bbInter|700|||||||\u00a0\u00bb price_font_size=\u00a0\u00bb32px\u00a0\u00bb currency_frequency_font=\u00a0\u00bbInter|700|||||||\u00a0\u00bb currency_frequency_font_size=\u00a0\u00bb32px\u00a0\u00bb custom_button=\u00a0\u00bbon\u00a0\u00bb button_text_size=\u00a0\u00bb16px\u00a0\u00bb button_text_color=\u00a0\u00bb#FFFFFF\u00a0\u00bb button_bg_color=\u00a0\u00bb#3a4126&Prime; button_border_width=\u00a0\u00bb0px\u00a0\u00bb button_border_radius=\u00a0\u00bb100px\u00a0\u00bb button_font=\u00a0\u00bbInter|500|||||||\u00a0\u00bb button_icon=\u00a0\u00bb&#xf061;||fa||900&Prime; button_on_hover=\u00a0\u00bboff\u00a0\u00bb button_custom_padding=\u00a0\u00bb12px|40px|12px|28px|true|false\u00a0\u00bb text_orientation=\u00a0\u00bbcenter\u00a0\u00bb custom_padding=\u00a0\u00bb30px||||false|false\u00a0\u00bb link_option_url=\u00a0\u00bb@ET-DC@eyJkeW5hbWljIjp0cnVlLCJjb250ZW50IjoicG9zdF9saW5rX3VybF9wYWdlIiwic2V0dGluZ3MiOnsicG9zdF9pZCI6IjQyIn19@\u00a0\u00bb body_font_size_tablet=\u00a0\u00bb15px\u00a0\u00bb body_font_size_phone=\u00a0\u00bb14px\u00a0\u00bb body_font_size_last_edited=\u00a0\u00bbon|desktop\u00a0\u00bb currency_frequency_font_size_tablet=\u00a0\u00bb20px\u00a0\u00bb currency_frequency_font_size_phone=\u00a0\u00bb16px\u00a0\u00bb currency_frequency_font_size_last_edited=\u00a0\u00bbon|desktop\u00a0\u00bb border_radii=\u00a0\u00bbon|30px|30px|30px|30px\u00a0\u00bb locked=\u00a0\u00bboff\u00a0\u00bb global_colors_info=\u00a0\u00bb{}\u00a0\u00bb][et_pb_pricing_table title=\u00a0\u00bbNotre d\u00f4me\u00a0\u00bb per=\u00a0\u00bb 1 nuit\u00a0\u00bb sum=\u00a0\u00bb 195\u20ac \u00a0\u00bb button_url=\u00a0\u00bb#\u00a0\u00bb bullet_color=\u00a0\u00bb#FFFFFF\u00a0\u00bb _builder_version=\u00a0\u00bb4.27.4&Prime; _module_preset=\u00a0\u00bbdefault\u00a0\u00bb price_text_color=\u00a0\u00bb#FFFFFF\u00a0\u00bb header_text_color=\u00a0\u00bb#FFFFFF\u00a0\u00bb body_text_color=\u00a0\u00bb#FFFFFF\u00a0\u00bb subheader_text_color=\u00a0\u00bb#FFFFFF\u00a0\u00bb currency_frequency_text_color=\u00a0\u00bb#FFFFFF\u00a0\u00bb excluded_text_color=\u00a0\u00bbrgba(255,255,255,0.5)\u00a0\u00bb background_color=\u00a0\u00bbRGBA(255,255,255,0)\u00a0\u00bb background_enable_color=\u00a0\u00bbon\u00a0\u00bb global_colors_info=\u00a0\u00bb{}\u00a0\u00bb sticky_transition=\u00a0\u00bbon\u00a0\u00bb button_icon_default=\u00a0\u00bb&#xf061;||fa||900&Prime;]<\/p>\n<p><span style=\"color: #ffffff;\">Tarif 1 nuit pour 2 personnes avec petit d\u00e9jeuner<\/span><span style=\"color: #ff0000;\"> 195\u20ac<\/span> (arriv\u00e9 \u00e0 partir de 17h d\u00e9part avant 11h)<\/p>\n<p>Repas Raclette + dessert <span style=\"color: #e02b20;\">25\u20ac \/pers<\/span><\/p>\n<p><span style=\"color: #ff0000;\"><span style=\"color: #ffffff;\">Option planche Fromage \/ charcuteries<\/span> 15 ou 30\u20ac<\/span><\/p>\n<p><span style=\"color: #ff0000;\"><span style=\"color: #ffffff;\">Option Romantique <\/span><\/span><span style=\"color: #ff0000;\">\u00a065\u20ac<\/span><\/p>\n<p><span style=\"color: #ff0000;\"><\/span><\/p>\n<p><span style=\"color: #ff0000;\"><\/span><\/p>\n<p><span style=\"color: #ff0000;\"><\/span><\/p>\n<p><strong style=\"color: #d67a02; font-size: x-large;\"><span style=\"color: #ff0000;\">Bon Cadeau disponible par mail<\/span>\u00a0<\/strong><\/p>\n<p>&nbsp;<\/p>\n<p><span style=\"color: #ff0000;\"><\/span><\/p>\n<p>[\/et_pb_pricing_table][\/et_pb_pricing_tables][\/et_pb_column][\/et_pb_row][\/et_pb_section][et_pb_section fb_built=\u00a0\u00bb1&Prime; theme_builder_area=\u00a0\u00bbpost_content\u00a0\u00bb _builder_version=\u00a0\u00bb4.27.4&Prime; _module_preset=\u00a0\u00bbdefault\u00a0\u00bb][et_pb_row _builder_version=\u00a0\u00bb4.27.4&Prime; _module_preset=\u00a0\u00bbdefault\u00a0\u00bb theme_builder_area=\u00a0\u00bbpost_content\u00a0\u00bb][et_pb_column _builder_version=\u00a0\u00bb4.27.4&Prime; _module_preset=\u00a0\u00bbdefault\u00a0\u00bb type=\u00a0\u00bb4_4&Prime; theme_builder_area=\u00a0\u00bbpost_content\u00a0\u00bb][et_pb_gallery _builder_version=\u00a0\u00bb4.27.4&Prime; _module_preset=\u00a0\u00bbdefault\u00a0\u00bb theme_builder_area=\u00a0\u00bbpost_content\u00a0\u00bb fullwidth=\u00a0\u00bbon\u00a0\u00bb gallery_ids=\u00a0\u00bb887,886,867,888,889,890,891,859,843,845&Prime; hover_enabled=\u00a0\u00bb0&Prime; sticky_enabled=\u00a0\u00bb0&Prime;][\/et_pb_gallery][\/et_pb_column][\/et_pb_row][\/et_pb_section]<\/p>\n","protected":false},"excerpt":{"rendered":"<p>D\u00f4me avec spa Pour une nuit \u00e9toil\u00e9e, venez d\u00e9couvrir notre D\u00f4me g\u00e9od\u00e9sique offrant une vue panoramique sur la V\u00e8gre. Pour un s\u00e9jour romantique en amoureux, rien de mieux que de se retrouver dans un cocon isol\u00e9 en campagne. Un spa pour se d\u00e9tendre au milieu de la nature, quelle que soit la temp\u00e9rature. Une chambre [&hellip;]<\/p>\n","protected":false},"author":1,"featured_media":0,"parent":0,"menu_order":0,"comment_status":"closed","ping_status":"closed","template":"","meta":{"_et_pb_use_builder":"on","_et_pb_old_content":"","_et_gb_content_width":"","footnotes":""},"class_list":["post-30","page","type-page","status-publish","hentry"],"yoast_head":"<!-- This site is optimized with the Yoast SEO plugin v27.4 - https:\/\/yoast.com\/product\/yoast-seo-wordpress\/ -->\n<title>D\u00f4me avec spa privatif \u00e0 Asni\u00e8res-sur-V\u00e8gre, Sarthe<\/title>\n<meta name=\"description\" content=\"\u00c0 Asni\u00e8res-sur-V\u00e8gre, La Tuffi\u00e8re propose le D\u00f4me avec spa privatif, une escapade romantique en Sarthe, proche de Le Mans, Angers et Laval.\" \/>\n<meta name=\"robots\" content=\"index, follow, max-snippet:-1, max-image-preview:large, max-video-preview:-1\" \/>\n<link rel=\"canonical\" href=\"https:\/\/latuffiere.fr\/index.php\/dome-avec-spa-privatif-sarthe\/\" \/>\n<meta property=\"og:locale\" content=\"fr_FR\" \/>\n<meta property=\"og:type\" content=\"article\" \/>\n<meta property=\"og:title\" content=\"D\u00f4me avec spa privatif \u00e0 Asni\u00e8res-sur-V\u00e8gre, Sarthe\" \/>\n<meta property=\"og:description\" content=\"\u00c0 Asni\u00e8res-sur-V\u00e8gre, La Tuffi\u00e8re propose le D\u00f4me avec spa privatif, une escapade romantique en Sarthe, proche de Le Mans, Angers et Laval.\" \/>\n<meta property=\"og:url\" content=\"https:\/\/latuffiere.fr\/index.php\/dome-avec-spa-privatif-sarthe\/\" \/>\n<meta property=\"og:site_name\" content=\"aquamarine-sandpiper-765849.hostingersite.com\" \/>\n<meta property=\"article:modified_time\" content=\"2026-01-31T09:11:13+00:00\" \/>\n<meta name=\"twitter:card\" content=\"summary_large_image\" \/>\n<meta name=\"twitter:label1\" content=\"Dur\u00e9e de lecture estim\u00e9e\" \/>\n\t<meta name=\"twitter:data1\" content=\"2 minutes\" \/>\n<script type=\"application\/ld+json\" class=\"yoast-schema-graph\">{\"@context\":\"https:\\\/\\\/schema.org\",\"@graph\":[{\"@type\":\"WebPage\",\"@id\":\"https:\\\/\\\/latuffiere.fr\\\/index.php\\\/dome-avec-spa-privatif-sarthe\\\/\",\"url\":\"https:\\\/\\\/latuffiere.fr\\\/index.php\\\/dome-avec-spa-privatif-sarthe\\\/\",\"name\":\"D\u00f4me avec spa privatif \u00e0 Asni\u00e8res-sur-V\u00e8gre, Sarthe\",\"isPartOf\":{\"@id\":\"https:\\\/\\\/latuffiere.fr\\\/#website\"},\"datePublished\":\"2024-07-11T14:23:33+00:00\",\"dateModified\":\"2026-01-31T09:11:13+00:00\",\"description\":\"\u00c0 Asni\u00e8res-sur-V\u00e8gre, La Tuffi\u00e8re propose le D\u00f4me avec spa privatif, une escapade romantique en Sarthe, proche de Le Mans, Angers et Laval.\",\"breadcrumb\":{\"@id\":\"https:\\\/\\\/latuffiere.fr\\\/index.php\\\/dome-avec-spa-privatif-sarthe\\\/#breadcrumb\"},\"inLanguage\":\"fr-FR\",\"potentialAction\":[{\"@type\":\"ReadAction\",\"target\":[\"https:\\\/\\\/latuffiere.fr\\\/index.php\\\/dome-avec-spa-privatif-sarthe\\\/\"]}]},{\"@type\":\"BreadcrumbList\",\"@id\":\"https:\\\/\\\/latuffiere.fr\\\/index.php\\\/dome-avec-spa-privatif-sarthe\\\/#breadcrumb\",\"itemListElement\":[{\"@type\":\"ListItem\",\"position\":1,\"name\":\"Accueil\",\"item\":\"https:\\\/\\\/latuffiere.fr\\\/\"},{\"@type\":\"ListItem\",\"position\":2,\"name\":\"\u00a0D\u00f4me\"}]},{\"@type\":\"WebSite\",\"@id\":\"https:\\\/\\\/latuffiere.fr\\\/#website\",\"url\":\"https:\\\/\\\/latuffiere.fr\\\/\",\"name\":\"aquamarine-sandpiper-765849.hostingersite.com\",\"description\":\"\",\"potentialAction\":[{\"@type\":\"SearchAction\",\"target\":{\"@type\":\"EntryPoint\",\"urlTemplate\":\"https:\\\/\\\/latuffiere.fr\\\/?s={search_term_string}\"},\"query-input\":{\"@type\":\"PropertyValueSpecification\",\"valueRequired\":true,\"valueName\":\"search_term_string\"}}],\"inLanguage\":\"fr-FR\"}]}<\/script>\n<!-- \/ Yoast SEO plugin. -->","yoast_head_json":{"title":"D\u00f4me avec spa privatif \u00e0 Asni\u00e8res-sur-V\u00e8gre, Sarthe","description":"\u00c0 Asni\u00e8res-sur-V\u00e8gre, La Tuffi\u00e8re propose le D\u00f4me avec spa privatif, une escapade romantique en Sarthe, proche de Le Mans, Angers et Laval.","robots":{"index":"index","follow":"follow","max-snippet":"max-snippet:-1","max-image-preview":"max-image-preview:large","max-video-preview":"max-video-preview:-1"},"canonical":"https:\/\/latuffiere.fr\/index.php\/dome-avec-spa-privatif-sarthe\/","og_locale":"fr_FR","og_type":"article","og_title":"D\u00f4me avec spa privatif \u00e0 Asni\u00e8res-sur-V\u00e8gre, Sarthe","og_description":"\u00c0 Asni\u00e8res-sur-V\u00e8gre, La Tuffi\u00e8re propose le D\u00f4me avec spa privatif, une escapade romantique en Sarthe, proche de Le Mans, Angers et Laval.","og_url":"https:\/\/latuffiere.fr\/index.php\/dome-avec-spa-privatif-sarthe\/","og_site_name":"aquamarine-sandpiper-765849.hostingersite.com","article_modified_time":"2026-01-31T09:11:13+00:00","twitter_card":"summary_large_image","twitter_misc":{"Dur\u00e9e de lecture estim\u00e9e":"2 minutes"},"schema":{"@context":"https:\/\/schema.org","@graph":[{"@type":"WebPage","@id":"https:\/\/latuffiere.fr\/index.php\/dome-avec-spa-privatif-sarthe\/","url":"https:\/\/latuffiere.fr\/index.php\/dome-avec-spa-privatif-sarthe\/","name":"D\u00f4me avec spa privatif \u00e0 Asni\u00e8res-sur-V\u00e8gre, Sarthe","isPartOf":{"@id":"https:\/\/latuffiere.fr\/#website"},"datePublished":"2024-07-11T14:23:33+00:00","dateModified":"2026-01-31T09:11:13+00:00","description":"\u00c0 Asni\u00e8res-sur-V\u00e8gre, La Tuffi\u00e8re propose le D\u00f4me avec spa privatif, une escapade romantique en Sarthe, proche de Le Mans, Angers et Laval.","breadcrumb":{"@id":"https:\/\/latuffiere.fr\/index.php\/dome-avec-spa-privatif-sarthe\/#breadcrumb"},"inLanguage":"fr-FR","potentialAction":[{"@type":"ReadAction","target":["https:\/\/latuffiere.fr\/index.php\/dome-avec-spa-privatif-sarthe\/"]}]},{"@type":"BreadcrumbList","@id":"https:\/\/latuffiere.fr\/index.php\/dome-avec-spa-privatif-sarthe\/#breadcrumb","itemListElement":[{"@type":"ListItem","position":1,"name":"Accueil","item":"https:\/\/latuffiere.fr\/"},{"@type":"ListItem","position":2,"name":"\u00a0D\u00f4me"}]},{"@type":"WebSite","@id":"https:\/\/latuffiere.fr\/#website","url":"https:\/\/latuffiere.fr\/","name":"aquamarine-sandpiper-765849.hostingersite.com","description":"","potentialAction":[{"@type":"SearchAction","target":{"@type":"EntryPoint","urlTemplate":"https:\/\/latuffiere.fr\/?s={search_term_string}"},"query-input":{"@type":"PropertyValueSpecification","valueRequired":true,"valueName":"search_term_string"}}],"inLanguage":"fr-FR"}]}},"_links":{"self":[{"href":"https:\/\/latuffiere.fr\/index.php\/wp-json\/wp\/v2\/pages\/30","targetHints":{"allow":["GET"]}}],"collection":[{"href":"https:\/\/latuffiere.fr\/index.php\/wp-json\/wp\/v2\/pages"}],"about":[{"href":"https:\/\/latuffiere.fr\/index.php\/wp-json\/wp\/v2\/types\/page"}],"author":[{"embeddable":true,"href":"https:\/\/latuffiere.fr\/index.php\/wp-json\/wp\/v2\/users\/1"}],"replies":[{"embeddable":true,"href":"https:\/\/latuffiere.fr\/index.php\/wp-json\/wp\/v2\/comments?post=30"}],"version-history":[{"count":44,"href":"https:\/\/latuffiere.fr\/index.php\/wp-json\/wp\/v2\/pages\/30\/revisions"}],"predecessor-version":[{"id":892,"href":"https:\/\/latuffiere.fr\/index.php\/wp-json\/wp\/v2\/pages\/30\/revisions\/892"}],"wp:attachment":[{"href":"https:\/\/latuffiere.fr\/index.php\/wp-json\/wp\/v2\/media?parent=30"}],"curies":[{"name":"wp","href":"https:\/\/api.w.org\/{rel}","templated":true}]}}